{"id":33,"date":"2022-01-08T14:57:34","date_gmt":"2022-01-08T14:57:34","guid":{"rendered":"https:\/\/odec.fpce.up.pt\/?page_id=33"},"modified":"2022-02-01T23:41:51","modified_gmt":"2022-02-01T23:41:51","slug":"repositorio","status":"publish","type":"page","link":"https:\/\/odec.fpce.up.pt\/en\/repositorio\/","title":{"rendered":"Repository"},"content":{"rendered":"<p>Levantamento de Projetos Nacionais de Interven\u00e7\u00e3o na Comunidade com Recurso ao Desporto, realizado por Beatriz Valongo.<\/p>\n\n\n\n<figure class=\"wp-block-table is-style-stripes\" style=\"font-size:15px\"><table class=\"has-fixed-layout\"><thead><tr><th><strong>Organiza\u00e7\u00e3o<\/strong><\/th><th><strong>Nome do Projeto<\/strong><\/th><th><strong>Localiza\u00e7\u00e3o<\/strong><\/th><th><strong>Faixa et\u00e1ria<\/strong><\/th><th><strong>Website<\/strong><\/th><\/tr><\/thead><tbody><tr><td>Aventura Mar\u00e3o Clube<\/td><td><\/td><td>Amarante (Porto)<\/td><td>Jovens<\/td><td><a rel=\"noreferrer noopener\" href=\"http:\/\/www.aventuramaraoclube.com\/index.html\" target=\"_blank\">Link<\/a><\/td><\/tr><tr><td>Youth Coop &#8211; Cooperativa para o Desenvolvimento e Cidadania CRL<\/td><td><\/td><td>Cac\u00e9m (Lisboa)<\/td><td>12 a 30 anos<\/td><td><a rel=\"noreferrer noopener\" href=\"https:\/\/youthcoop.pt\/\" target=\"_blank\">Link<\/a><\/td><\/tr><tr><td>Azes Valboenses<\/td><td><\/td><td>Gondomar (Porto)<\/td><td>Todas<\/td><td><a rel=\"noreferrer noopener\" href=\"https:\/\/azesvalboenses.wixsite.com\/azesvalboenses\/sobre-os-azes\" target=\"_blank\">Link<\/a><\/td><\/tr><tr><td>Synergia<\/td><td>Academia Synergia<\/td><td>Braga<\/td><td>Todas<\/td><td><a rel=\"noreferrer noopener\" href=\"https:\/\/synergia.pt\/projects\/academia\/\" target=\"_blank\">Link<\/a><\/td><\/tr><tr><td>Associa\u00e7\u00e3o Nacional de Futebol de Rua<\/td><td>Bola Pr\u00e1 Frente<\/td><td>Carnide &#8211; Bairro Padre Cruz (Lisboa)<\/td><td>11 aos 25 anos<\/td><td><a rel=\"noreferrer noopener\" href=\"https:\/\/www.futrua.org\/bola-pra-frente\/\" target=\"_blank\">Link<\/a><\/td><\/tr><tr><td>Associa\u00e7\u00e3o Nacional de Futebol de Rua<\/td><td>Bola Colorida<\/td><td>Carnide &#8211; Horta Nova; Alc\u00e2ntara &#8211; Quinta da Cabrinha (Lisboa)<\/td><td>Crian\u00e7as e jovens<\/td><td><a rel=\"noreferrer noopener\" href=\"https:\/\/www.futrua.org\/outros-projetos\/\" target=\"_blank\">Link<\/a><\/td><\/tr><tr><td>Associa\u00e7\u00e3o Nacional de Futebol de Rua<\/td><td>Enter the Game Too<\/td><td>Carnide (Lisboa)<\/td><td>16 a 35 anos<\/td><td><a rel=\"noreferrer noopener\" href=\"https:\/\/www.futrua.org\/outros-projetos\/\" target=\"_blank\">Link<\/a><\/td><\/tr><tr><td>Associa\u00e7\u00e3o Multicultural para um Carregado Mais Empreendedor e Inclusivo<\/td><td><\/td><td>Carregado (Lisboa)<\/td><td>Todas<\/td><td><a rel=\"noreferrer noopener\" href=\"https:\/\/www.facebook.com\/Associa\u00e7\u00e3o-Multicultural-Para-Um-Carregado-Mais-Empreendedor-e-Inclusivo-923207054502620\/?ref=page_internal\" target=\"_blank\">Link<\/a><\/td><\/tr><tr><td>Ra\u00edzes (IPSS)<\/td><td>Mira Jovem<\/td><td>Casal da Mira (Lisboa)<\/td><td>Jovens e fam\u00edlias<\/td><td><a rel=\"noreferrer noopener\" href=\"https:\/\/www.raizes.pt\/#panel-5-1-0-0\" target=\"_blank\">Link<\/a><\/td><\/tr><tr><td>Uni\u00e3o de Freguesias de Massam\u00e1 e Monte Abra\u00e3o<\/td><td>Projeto Ra\u00edzes<\/td><td>Bairro 1\u00ba de Maio (Queluz)<\/td><td>6 a 30 anos<\/td><td><a rel=\"noreferrer noopener\" href=\"https:\/\/cidraizese6g.wixsite.com\/raizes\/med-3\" target=\"_blank\">Link<\/a><\/td><\/tr><tr><td>Associa\u00e7\u00e3o Cultural e Juvenil Batoto Yetu Portugal<\/td><td><\/td><td>Lisboa<\/td><td><\/td><td><a rel=\"noreferrer noopener\" href=\"https:\/\/batotoyetu.pt\/pt\/\" target=\"_blank\">Link<\/a><\/td><\/tr><tr><td>Alkantara<\/td><td>DESPORTO MEXE COMIGO<\/td><td>Lisboa<\/td><td>6 aos 18 anos<\/td><td><a rel=\"noreferrer noopener\" href=\"https:\/\/www.projectoalkantara.org\/desportomexecomigo\" target=\"_blank\">Link<\/a><\/td><\/tr><tr><td>Alkantara<\/td><td>FAZER A PONTE<\/td><td><\/td><td>6 aos 25 anos<\/td><td><a rel=\"noreferrer noopener\" href=\"https:\/\/www.projectoalkantara.org\/fazeraponte\" target=\"_blank\">Link<\/a><\/td><\/tr><tr><td>Funda\u00e7\u00e3o Santa Rafaela Maria<\/td><td>Projeto Capaz<\/td><td>Bairro da Quinta da Fonte da Prata &#8211; Alhos Vedros<\/td><td><\/td><td><a rel=\"noreferrer noopener\" href=\"https:\/\/www.fsantarafaelamaria.org\/o-que-fazemos\/capaz\" target=\"_blank\">Link<\/a><\/td><\/tr><tr><td>Centro de Reformados e Idosos do Vale da Amoreira<\/td><td>Projeto Escolhas V.A. 2835<\/td><td>N\u00e3o Especificado (Deduz-se que ser\u00e1 de \u00e2mbito local do Vale da Amoreira)<\/td><td>11 aos 25 anos e fam\u00edlias<\/td><td><a rel=\"noreferrer noopener\" href=\"https:\/\/criva.pt\/web\/projeto_escolhas\/\" target=\"_blank\">Link<\/a><\/td><\/tr><tr><td>Comit\u00e9 Ol\u00edmpico de Portugal<\/td><td>Viver o Desporto &#8211; Abra\u00e7ar o Futuro<\/td><td>Nacional<\/td><td>Migrantes e refugiados<\/td><td><a href=\"https:\/\/comiteolimpicoportugal.pt\/programa-de-educacao-olimpica\/viver-o-desporto\/\" target=\"_blank\" rel=\"noreferrer noopener\">Link<\/a><\/td><\/tr><tr><td>Pressley Ridge<\/td><td>Surf.Art<\/td><td>Cascais<\/td><td>7 aos 14 anos<\/td><td><a rel=\"noreferrer noopener\" href=\"https:\/\/www.pressleyridge.pt\/pt\/pages\/surfart\" target=\"_blank\">Link<\/a><\/td><\/tr><tr><td>Associa\u00e7\u00e3o Mais Cidadania<\/td><td>Skillz E7G<\/td><td>Baixa-Chiado e Bairro Alto<\/td><td>6 aos 25 anos<\/td><td><a rel=\"noreferrer noopener\" href=\"http:\/\/www.maiscidadania.pt\/skillz-e7g\/\" target=\"_blank\">Link<\/a><\/td><\/tr><tr><td>Associa\u00e7\u00e3o Luso Caboverdeana de Sinta<\/td><td>AGIR Mais<\/td><td>Serra da Minas &#8211; Sintra<\/td><td>Crian\u00e7as, jovens e fam\u00edlias<\/td><td><a rel=\"noreferrer noopener\" href=\"https:\/\/acassintra.com\/agir-mais\/\" target=\"_blank\">Link<\/a><\/td><\/tr><tr><td>ANADIC &#8211; Associa\u00e7\u00e3o Nacional de Apoio ao Desenvolvimento, Investiga\u00e7\u00e3o e Comunidade<\/td><td>Rotas do Bairro<\/td><td>Bairro Rego\/Santos &#8211; Lisboa<\/td><td>6 aos 25 anos; fam\u00edlias; comunidade<\/td><td><a rel=\"noreferrer noopener\" href=\"https:\/\/www.anadic.net\/rotas-do-bairro-e6g\" target=\"_blank\">Link<\/a><\/td><\/tr><tr><td>Casa Seis<\/td><td>Desafios MS<\/td><td>Freguesia de Agualva e Mira Sintra &#8211; Sintra<\/td><td>6 aos 25 anos<\/td><td><a rel=\"noreferrer noopener\" href=\"https:\/\/www.casaseis.pt\/projetos-e-parcerias\/\" target=\"_blank\">Link<\/a><\/td><\/tr><tr><td>Terra Dentro<\/td><td>Monte Dentro<\/td><td>Montemor o Novo<\/td><td>Crian\u00e7as e jovens + fam\u00edlias<\/td><td><a href=\"https:\/\/terrasdentro.pt\/projeto-monte-dentro-e6g\/\" target=\"_blank\" rel=\"noreferrer noopener\">Link<\/a><\/td><\/tr><tr><td>Terra Dentro<\/td><td>Cresce e Aparece<\/td><td>Concelhos de Cuba, Alvito e Vidigueira<\/td><td>Crian\u00e7as e jovens<\/td><td><a href=\"https:\/\/terrasdentro.pt\/projeto-cresce-e-aparece-e7g\/\" target=\"_blank\" rel=\"noreferrer noopener\">Link<\/a><\/td><\/tr><tr><td>MOJU<\/td><td>Projeto AJO<\/td><td>Olh\u00e3o, Algarve<\/td><td>Crian\u00e7as e jovens<\/td><td><a rel=\"noreferrer noopener\" href=\"http:\/\/www.mojuolhao.com\/projectos\/ajo-academia-para-capacita-o-doa-jovem-de-olh-o\" target=\"_blank\">Link<\/a><\/td><\/tr><tr><td>MOJU<\/td><td>Laborat\u00f3rio (Inter)Cultural<\/td><td>Bairro das Panteras &#8211; Olh\u00e3o, Algarve<\/td><td>Imigrantes<\/td><td><a rel=\"noreferrer noopener\" href=\"http:\/\/www.mojuolhao.com\/projectos\/lic-laborat-rio-intercultural\" target=\"_blank\">Link<\/a><\/td><\/tr><tr><td>MOJU<\/td><td>Mais Sucesso<\/td><td>Olh\u00e3o, Algarve<\/td><td>Crian\u00e7as, jovens e fam\u00edlias<\/td><td><a rel=\"noreferrer noopener\" href=\"http:\/\/www.mojuolhao.com\/projectos\/mais-sucesso-e5g\" target=\"_blank\">Link<\/a><\/td><\/tr><tr><td><\/td><td>Projeto Mudaki<\/td><td>Almancil, Algarve<\/td><td>6 aos 25 anos<\/td><td><a rel=\"noreferrer noopener\" href=\"https:\/\/www.facebook.com\/projetomudaki\/?ref=page_internal\" target=\"_blank\">Link<\/a><\/td><\/tr><tr><td>CESIS<\/td><td>Percursos Acompanhados<\/td><td>Bairro do Zambujal<\/td><td>Crian\u00e7as e jovens<\/td><td><a rel=\"noreferrer noopener\" href=\"https:\/\/www.cesis.org\/pt\/area-actividade\/148\/percursos-acompanhados-e7g\/\" target=\"_blank\">Link<\/a><\/td><\/tr><tr><td>Akredita em Ti<\/td><td>Akredita +<\/td><td>Loul\u00e9, Algarve<\/td><td>Crian\u00e7as e jovens<\/td><td><a rel=\"noreferrer noopener\" href=\"https:\/\/www.facebook.com\/Projeto-Akredita-E7G-1315638238484255\/?ref=page_internal\" target=\"_blank\">Link<\/a><\/td><\/tr><tr><td>C\u00e2mara Municipal da Maia<\/td><td>Bu\u00e9 d&#8217;Escolhas<\/td><td>Pedrou\u00e7os e \u00c1guas Santas, Maia, Porto<\/td><td>6 aos 24 anos e fam\u00edlias<\/td><td><a rel=\"noreferrer noopener\" href=\"https:\/\/www.cm-maia.pt\/pages\/1813\" target=\"_blank\">Link<\/a><\/td><\/tr><tr><td>PASEC<\/td><td>Eurobairro<\/td><td>Complexos de Habita\u00e7\u00e3o Social das Lameiras, B\u00e9tulas, Cal e Acampamento de Me\u00e3es , Famalic\u00e3o<\/td><td>16-18 anos comunidade cigana.<\/td><td><a rel=\"noreferrer noopener\" href=\"https:\/\/www.pasec.pt\/index.php\/pasec-underground\" target=\"_blank\">Link<\/a><\/td><\/tr><tr><td>ADEIMA<\/td><td>Biquinha em A\u00e7\u00e3o<\/td><td>Conjunto Habitacional da Biquinha, Matosinhos<\/td><td>Comunidade Biquinha<\/td><td><a rel=\"noreferrer noopener\" href=\"https:\/\/www.adeima.pt\/portfolio\/biquinha-em-acao\/\" target=\"_blank\">Link<\/a><\/td><\/tr><tr><td>ADEIMA<\/td><td>SIGA<\/td><td>Conjunto Habitacional do Seixo, Matosinhos<\/td><td>Comunidade Seixo<\/td><td><a rel=\"noreferrer noopener\" href=\"https:\/\/www.adeima.pt\/portfolio\/case-study-5\/\" target=\"_blank\">Link<\/a><\/td><\/tr><tr><td>ADEPE<\/td><td>Projeto Sextante<\/td><td>Bairro Arco-\u00cdris, Fern\u00e3o de Magalh\u00e3es e Coosofi &#8211; Peniche<\/td><td>Crian\u00e7as e jovens<\/td><td><a rel=\"noreferrer noopener\" href=\"http:\/\/www.adepe.pt\/SextanteE7G.html\" target=\"_blank\">Link<\/a><\/td><\/tr><tr><td>C\u00e2mara Municipal de Estarreja<\/td><td>ESTA Integra<\/td><td>Estarreja, Aveiro<\/td><td>Comunidade cigana e migrante<\/td><td><a href=\"https:\/\/www.cm-estarreja.pt\/noticias\/7583\" target=\"_blank\" rel=\"noreferrer noopener\">Link<\/a><\/td><\/tr><tr><td>CACFF<\/td><td>Matriz<\/td><td>Fund\u00e3o<\/td><td>Crian\u00e7as e jovens<\/td><td><a rel=\"noreferrer noopener\" href=\"https:\/\/www.facebook.com\/Matriz-E7G-433606886707724\/?ref=page_internal\" target=\"_blank\">Link<\/a><\/td><\/tr><tr><td>C\u00e2mara Municipal de Barcelos<\/td><td>Galoartis<\/td><td>Barcelos<\/td><td>N\u00e3o referenciado<\/td><td><a rel=\"noreferrer noopener\" href=\"https:\/\/www.facebook.com\/Galoartis-Programa-Escolhas-7\u00aa-Gera\u00e7\u00e3o-327668420690603\/?ref=page_internal\" target=\"_blank\">Link<\/a><\/td><\/tr><tr><td>IDIS<\/td><td>CHECK IN<\/td><td>Vila Nova de Gaia<\/td><td>Jovens<\/td><td><a href=\"https:\/\/www.idis.pt\/projetos#check-in\" target=\"_blank\" rel=\"noreferrer noopener\">Link<\/a><\/td><\/tr><tr><td>Beira Serra<\/td><td>Jump<\/td><td>Belmonte e Covilh\u00e3<\/td><td>Crian\u00e7as e jovens<\/td><td><a rel=\"noreferrer noopener\" href=\"https:\/\/www.beiraserra.pt\/projetos\" target=\"_blank\">Link<\/a><\/td><\/tr><tr><td>Beira Serra<\/td><td>Trajetos<\/td><td>Freguesia do Teixoso e Freguesia de Boidobra\/Covilh\u00e3<\/td><td>Crian\u00e7as e jovens<\/td><td><a rel=\"noreferrer noopener\" href=\"https:\/\/www.beiraserra.pt\/projetos\" target=\"_blank\">Link<\/a><\/td><\/tr><tr><td>InPulsar<\/td><td>Giro \u00d3 Bairro<\/td><td>Bairro Social Cova das Faias &#8211; Leiria<\/td><td>Comunidade<\/td><td><a rel=\"noreferrer noopener\" href=\"http:\/\/www.inpulsar.pt\/?post_causes=giro-o-bairro\" target=\"_blank\">Link<\/a><\/td><\/tr><tr><td>InPulsar<\/td><td>Redes na Quint@<\/td><td>Quinta do Al\u00e7ada\/Marrazes &#8211; Leiria<\/td><td>Comunidade<\/td><td><a rel=\"noreferrer noopener\" href=\"http:\/\/www.inpulsar.pt\/?post_causes=experiencia-5\" target=\"_blank\">Link<\/a><\/td><\/tr><tr><td>Espa\u00e7o T<\/td><td>Escola de Rugby Cercar-te<\/td><td>Porto<\/td><td>6 aos 14 anos<\/td><td><a rel=\"noreferrer noopener\" href=\"http:\/\/www.espacot.pt\/oque-fazemos#escolinha-de-rugby-cercar-te\" target=\"_blank\">Link<\/a><\/td><\/tr><tr><td>Espa\u00e7o T<\/td><td><\/td><td>Bairro do Cerco, Porto<\/td><td>Crian\u00e7as, jovens e fam\u00edlias<\/td><td><a rel=\"noreferrer noopener\" href=\"http:\/\/www.espacot.pt\/oque-fazemos\" target=\"_blank\">Link<\/a><\/td><\/tr><tr><td>MEERU<\/td><td>MEERU Aproxima<\/td><td>N\u00e3o especificado<\/td><td>Fam\u00edlias de migrantes, refugiados e requerentes de asilo<\/td><td><a rel=\"noreferrer noopener\" href=\"https:\/\/www.meeru.org\/aproxima\" target=\"_blank\">Link<\/a><\/td><\/tr><tr><td>N\u00facleo Desportivo e Social da Guarda<\/td><td>Tu Decides+<\/td><td>Guarda<\/td><td>Crian\u00e7as e jovens<\/td><td><a rel=\"noreferrer noopener\" href=\"https:\/\/www.facebook.com\/Projeto-tu-decides-E7G-944640455603406\/?ref=page_internal\" target=\"_blank\">Link<\/a><\/td><\/tr><tr><td>CASPAE<\/td><td>Trampolim<\/td><td>Planalto do Ingote (Bairros da Rosa e Ingote) e Centro de Est\u00e1gio Habitacional &#8211; Coimbra<\/td><td>6 aos 25 anos<\/td><td><a rel=\"noreferrer noopener\" href=\"https:\/\/caspae.pt\/trampolim\/sobre-nos\/\" target=\"_blank\">Link<\/a><\/td><\/tr><tr><td>Activar &#8211; Associa\u00e7\u00e3o de Coopera\u00e7\u00e3o da Lous\u00e3<\/td><td>Espa\u00e7o J<\/td><td>Lous\u00e3<\/td><td>10 aos 25 anos<\/td><td><a rel=\"noreferrer noopener\" href=\"http:\/\/redemunicipiossaudaveis.com\/index.php\/pt\/projetos\/lousa\/espaco_j_gabinete_de_atendimento_ao_jovem_e6g\" target=\"_blank\">Link<\/a><\/td><\/tr><tr><td>Casa de Trabalho &#8211; Patronato de S. Ant\u00f3nio<\/td><td>Pontes de Inclus\u00e3o<\/td><td>Bragan\u00e7a<\/td><td>Crian\u00e7as e jovens<\/td><td><a rel=\"noreferrer noopener\" href=\"https:\/\/www.casatrabalho.pt\/index.php\/o-projeto-pontes-de-inclusao\" target=\"_blank\">Link<\/a><\/td><\/tr><tr><td>Santa Casa da Miseric\u00f3rdia Vera Cruz de Gondomar<\/td><td>TEIIA CLDS &#8211; 4G<\/td><td>Gondomar (Porto)<\/td><td>Comunidade<\/td><td><a rel=\"noreferrer noopener\" href=\"http:\/\/teiia-clds4g.misericordia-gondomar.pt\/\" target=\"_blank\">Link<\/a><\/td><\/tr><tr><td>Santa Casa da Miseric\u00f3rdia Vera Cruz de Gondomar<\/td><td>Passport&#8217;IN GO&nbsp;<\/td><td>Conjunto Habitacional do Monte Crasto e do Monte, da Uni\u00e3o de Freguesias de S. Cosme, (Gondomar) Valbom e Jovim.<\/td><td>6 aos 30 anos<\/td><td><a rel=\"noreferrer noopener\" href=\"https:\/\/www.facebook.com\/PassportIN-GO-E7G-1559932904309488\/?ref=page_internal\" target=\"_blank\">Link<\/a><\/td><\/tr><tr><td>IHM &#8211; Investimentos Habitacionais da Madeira<\/td><td>Renascer@Nogueira+<\/td><td>Bairro da Nogueira, Santa Cruz &#8211; Ilha da Madeira<\/td><td>6 aos 25 anos<\/td><td><a href=\"http:\/\/www.ihm.pt\/index.php\/inclusao-social\/projeto-renascer-nogueira-e8g\" target=\"_blank\" rel=\"noreferrer noopener\">Link<\/a><\/td><\/tr><tr><td>Centro Social e Paroquial de Santa Cec\u00edlia<\/td><td>Esc@Up<\/td><td>C\u00e2mara de Lobos &#8211; Ilha da Madeira<\/td><td>Crian\u00e7as e jovens<\/td><td><a rel=\"noreferrer noopener\" href=\"https:\/\/sites.google.com\/site\/escupe5g\/\" target=\"_blank\">Link<\/a><\/td><\/tr><tr><td>Santa Casa da Miseric\u00f3rdia de Ponta Delgada<\/td><td>Renascer<\/td><td>S\u00e3o Sebasti\u00e3o, S\u00e3o Pedro, S\u00e3o Jos\u00e9, Santa Clara &#8211; Ponta Delgada<\/td><td>Crian\u00e7as, jovens e fam\u00edlias<\/td><td><a rel=\"noreferrer noopener\" href=\"https:\/\/scmpdl.pt\/vas\/\" target=\"_blank\">Link<\/a><\/td><\/tr><tr><td>Funda\u00e7\u00e3o Benfica<\/td><td>Welcome Through Football<\/td><td>Lisboa, Braga<\/td><td>Jovens refugiados ou migrante<\/td><td><a rel=\"noreferrer noopener\" href=\"https:\/\/www.efdn.org\/blog\/project\/welcome-through-football-2\/\" target=\"_blank\">Link<\/a><\/td><\/tr><tr><td>Santa Casa da Miseric\u00f3rdia de Santarem<\/td><td>D&#8217;Ar-te<\/td><td>Santar\u00e9m<\/td><td>Crian\u00e7as e jovens<\/td><td><a rel=\"noreferrer noopener\" href=\"https:\/\/scmssantarem.wixsite.com\/darte\" target=\"_blank\">Link<\/a><\/td><\/tr><tr><td>Escolinha Rugby Trofa<\/td><td>Escolinha Rugby Trofa<\/td><td>Trofa<\/td><td>Crian\u00e7as a partir dos 6 anos<\/td><td><a rel=\"noreferrer noopener\" href=\"https:\/\/www.facebook.com\/escolinharugby\/\" target=\"_blank\">Link<\/a><\/td><\/tr><tr><td>Entre Afetos<\/td><td>Ondas sem reserva<\/td><td>Vila do Conde<\/td><td>Crian\u00e7as e jovens<\/td><td><a rel=\"noreferrer noopener\" href=\"https:\/\/www.facebook.com\/Ondas-Sem-Reserva-101629361593705\/\" target=\"_blank\">Link<\/a><\/td><\/tr><tr><td>Onda Pura<\/td><td>Onda Social<\/td><td>Matosinhos<\/td><td>Crian\u00e7as e jovens<\/td><td><a rel=\"noreferrer noopener\" href=\"https:\/\/www.instagram.com\/ondasocial_matosinhos\/\" target=\"_blank\">Link<\/a><\/td><\/tr><tr><td>C\u00e2mara Municipal do Porto<\/td><td>Bike atittude &#8211; inclus\u00e3o pelo desporto<\/td><td>Porto, Barcelos<\/td><td>Crian\u00e7as e jovens<\/td><td><a rel=\"noreferrer noopener\" href=\"https:\/\/www.porto.pt\/pt\/noticia\/bike-atitude-promove-inclusao-social-de-jovens-atraves-do-trial-bike\" target=\"_blank\">Link<\/a><\/td><\/tr><tr><td>Wave by Wave<\/td><td>Wave by Wave<\/td><td>Gaia, Lisboa<\/td><td>Crian\u00e7as e jovens<\/td><td><a rel=\"noreferrer noopener\" href=\"https:\/\/www.facebook.com\/wavebywave\/\" target=\"_blank\">Link<\/a><\/td><\/tr><tr><td>Academia do Jonhson<\/td><td>Passo a passo<\/td><td>Lisboa<\/td><td>Crian\u00e7as e jovens<\/td><td><a rel=\"noreferrer noopener\" href=\"https:\/\/www.academiadojohnson.com\/\" target=\"_blank\">Link<\/a><\/td><\/tr><tr><td>Escola de Judo Nuno Delgado<\/td><td>Formar campe\u00f5es para a vida<\/td><td>Porto, Lisboa, Aveiro<\/td><td>Crian\u00e7as e jovens<\/td><td><a rel=\"noreferrer noopener\" href=\"http:\/\/www.nunodelgado.net\/escola-de-judo\/projetos-cofinanciados-ue\/\" target=\"_blank\">Link<\/a><\/td><\/tr><tr><td>Surf Social Wave<\/td><td>Surf Social Wave<\/td><td>Cascais &#8211; Lisboa<\/td><td>Jovens e adultos<\/td><td><a rel=\"noreferrer noopener\" href=\"https:\/\/www.surfsocialwave.org\/missao\" target=\"_blank\">Link<\/a><\/td><\/tr><tr><td>C\u00e2mara Municipal de Anadia<\/td><td>Ser+<\/td><td>Anadia<\/td><td>Crian\u00e7as e jovens<\/td><td><a rel=\"noreferrer noopener\" href=\"https:\/\/www.cm-anadia.pt\/pages\/538\" target=\"_blank\">Link<\/a><\/td><\/tr><tr><td>Santa Casa da Miseric\u00f3rdia Galiza<\/td><td>Escolinha Rugby da Galiza<\/td><td>Cascais<\/td><td>Crian\u00e7as e jovens<\/td><td><a rel=\"noreferrer noopener\" href=\"https:\/\/www.facebook.com\/EscolinhadeRugbydaGaliza\/\" target=\"_blank\">Link<\/a><\/td><\/tr><tr><td>Funda\u00e7\u00e3o AJU<\/td><td>Crescer AJU<\/td><td>Cascais<\/td><td>6 e os 20 anos e fam\u00edlias<\/td><td><a rel=\"noreferrer noopener\" href=\"https:\/\/www.ajusera.com\/projectos\/gabinete-projectos\/projecto-crescer\" target=\"_blank\">Link<\/a><\/td><\/tr><tr><td>C\u00e2mara Municipal de Evora<\/td><td>PES em movimento<\/td><td>\u00c9vora<\/td><td>Alunos do 1.\u00ba e 2.\u00ba CEB.<\/td><td><a rel=\"noreferrer noopener\" href=\"https:\/\/www.cm-evora.pt\/municipe\/projetos-municipais\/pel-projeto-educativo-local\/projetos-educativos\/pes-em-movimento\/\" target=\"_blank\">Link<\/a><\/td><\/tr><tr><td>C\u00e2mara Municipal Ferreira do Alentejo<\/td><td>Ferreira Mais Futuro<\/td><td>Ferreira do Alentejo<\/td><td>Crian\u00e7as e jovens<\/td><td><a rel=\"noreferrer noopener\" href=\"https:\/\/ferreiradoalentejo.pt\/viver\/acao-social\/ferreira-mais-futuro\/\" target=\"_blank\">Link<\/a><\/td><\/tr><tr><td>C\u00e2mara Municipal de Lisboa<\/td><td>Desporto Mexe Comigo<\/td><td>Lisboa<\/td><td>Crian\u00e7as e jovens<\/td><td><a rel=\"noreferrer noopener\" href=\"https:\/\/www.lisboa.pt\/cidade\/desporto\/programas\/desporto-mexe-comigo\" target=\"_blank\">Link<\/a><\/td><\/tr><tr><td>Academia dos Champs<\/td><td>Academia dos Champs<\/td><td>Outurela, Lisboa, Trajouce, Maia, Carcavelos, Loul\u00e9, Faro, Alcabideche, Fonta\u00ednhas<\/td><td>5 aos 18 anos<\/td><td><a rel=\"noreferrer noopener\" href=\"http:\/\/www.academiadoschamps.org\/index.html\" target=\"_blank\">Link<\/a><\/td><\/tr><tr><td>Social Innovation Sports<\/td><td>Welcome Sports Club<\/td><td>Lisboa<\/td><td>Jovens Menores N\u00e3o-Acompanhados<\/td><td><a rel=\"noreferrer noopener\" href=\"https:\/\/www.socialinnovationsports.org\/o-que-fazemos-welcome-sports-club\" target=\"_blank\">Link<\/a><\/td><\/tr><tr><td>\u00c1gora Porto<\/td><td>Desporto no Bairro<\/td><td>Pasteleira, Pinheiro Torres, Ramalde, Campinas, Aldoar, Fonte da Moura, Viso, Cerco e Lagarteiro, Contumil, Pio XII, S\u00e3o Tom\u00e9, Carri\u00e7al e Agra do Amial<\/td><td>Crian\u00e7as e jovens<\/td><td><a rel=\"noreferrer noopener\" href=\"https:\/\/www.porto.pt\/pt\/noticia\/desporto-no-bairro-vai-levar-breaking-skate-e-surf-a-14-bairros-do-porto\" target=\"_blank\">Link<\/a><\/td><\/tr><\/tbody><\/table><\/figure>","protected":false},"excerpt":{"rendered":"<p>Levantamento de Projetos Nacionais de Interven\u00e7\u00e3o na Comunidade com Recurso ao Desporto, realizado por Beatriz Valongo. Organiza\u00e7\u00e3o Nome do Projeto Localiza\u00e7\u00e3o Faixa et\u00e1ria Website Aventura Mar\u00e3o Clube Amarante (Porto) Jovens Link Youth Coop &#8211; Cooperativa para o Desenvolvimento e Cidadania CRL Cac\u00e9m (Lisboa) 12 a 30 anos Link Azes Valboenses Gondomar (Porto) Todas Link Synergia&hellip;&nbsp;<a href=\"https:\/\/odec.fpce.up.pt\/en\/repositorio\/\" rel=\"bookmark\">Read More &raquo;<span class=\"screen-reader-text\">Repository<\/span><\/a><\/p>","protected":false},"author":1586,"featured_media":0,"parent":0,"menu_order":0,"comment_status":"closed","ping_status":"closed","template":"","meta":{"neve_meta_sidebar":"","neve_meta_container":"","neve_meta_enable_content_width":"","neve_meta_content_width":0,"neve_meta_title_alignment":"","neve_meta_author_avatar":"","neve_post_elements_order":"","neve_meta_disable_header":"","neve_meta_disable_footer":"","neve_meta_disable_title":"","footnotes":""},"class_list":["post-33","page","type-page","status-publish","hentry"],"_links":{"self":[{"href":"https:\/\/odec.fpce.up.pt\/en\/wp-json\/wp\/v2\/pages\/33","targetHints":{"allow":["GET"]}}],"collection":[{"href":"https:\/\/odec.fpce.up.pt\/en\/wp-json\/wp\/v2\/pages"}],"about":[{"href":"https:\/\/odec.fpce.up.pt\/en\/wp-json\/wp\/v2\/types\/page"}],"author":[{"embeddable":true,"href":"https:\/\/odec.fpce.up.pt\/en\/wp-json\/wp\/v2\/users\/1586"}],"replies":[{"embeddable":true,"href":"https:\/\/odec.fpce.up.pt\/en\/wp-json\/wp\/v2\/comments?post=33"}],"version-history":[{"count":11,"href":"https:\/\/odec.fpce.up.pt\/en\/wp-json\/wp\/v2\/pages\/33\/revisions"}],"predecessor-version":[{"id":915,"href":"https:\/\/odec.fpce.up.pt\/en\/wp-json\/wp\/v2\/pages\/33\/revisions\/915"}],"wp:attachment":[{"href":"https:\/\/odec.fpce.up.pt\/en\/wp-json\/wp\/v2\/media?parent=33"}],"curies":[{"name":"wp","href":"https:\/\/api.w.org\/{rel}","templated":true}]}}