{"id":2426,"date":"2023-03-21T19:09:41","date_gmt":"2023-03-21T19:09:41","guid":{"rendered":"https:\/\/odec.fpce.up.pt\/?page_id=2426"},"modified":"2024-12-27T16:44:48","modified_gmt":"2024-12-27T16:44:48","slug":"podec","status":"publish","type":"page","link":"https:\/\/odec.fpce.up.pt\/en\/podec\/","title":{"rendered":"PODEC"},"content":{"rendered":"<p>O PODEC \u00e9 o podcast do ODEC. Atrav\u00e9s de conversas com os parceiros, exploramos e refletimos sobre o que \u00e9 desenvolvido em colabora\u00e7\u00e3o com o ODEC, tendo por base o trabalho multidisciplinar em torno da educa\u00e7\u00e3o atrav\u00e9s do desporto. <\/p>\n\n\n\n<p>Ouve aqui os epis\u00f3dios:<\/p>\n\n\n\n<div style=\"height:5px\" aria-hidden=\"true\" id=\"1episodio\" class=\"wp-block-spacer\"><\/div>\n\n\n\n<div style=\"height:15px\" aria-hidden=\"true\" id=\"primeiroepisodio\" class=\"wp-block-spacer\"><\/div>\n\n\n\n<h2 class=\"wp-block-heading has-vivid-red-color has-text-color\">1\u00ba Epis\u00f3dio Podcast PODEC &#8211; &#8220;O Desporto Transforma Pessoas e Comunidades!&#8221;<\/h2>\n\n\n\n<div style=\"height:15px\" aria-hidden=\"true\" class=\"wp-block-spacer\"><\/div>\n\n\n\n<div class=\"wp-block-columns is-layout-flex wp-container-core-columns-is-layout-9d6595d7 wp-block-columns-is-layout-flex\">\n<div class=\"wp-block-column is-layout-flow wp-block-column-is-layout-flow\" style=\"flex-basis:40%\">\n<figure class=\"wp-block-image size-full\"><img loading=\"lazy\" decoding=\"async\" width=\"768\" height=\"1086\" src=\"https:\/\/odec.fpce.up.pt\/wp-content\/uploads\/sites\/884\/2023\/03\/imagem_2023-03-21_185403411.png\" alt=\"\" class=\"wp-image-2428\" srcset=\"https:\/\/odec.fpce.up.pt\/wp-content\/uploads\/sites\/884\/2023\/03\/imagem_2023-03-21_185403411.png 768w, https:\/\/odec.fpce.up.pt\/wp-content\/uploads\/sites\/884\/2023\/03\/imagem_2023-03-21_185403411-106x150.png 106w\" sizes=\"auto, (max-width: 768px) 100vw, 768px\" \/><\/figure>\n<\/div>\n\n\n\n<div class=\"wp-block-column is-layout-flow wp-block-column-is-layout-flow\" style=\"flex-basis:60%\">\n<p>O Observat\u00f3rio de Desporto, Educa\u00e7\u00e3o e Comunidades (ODEC), no enquadramento da Semana Europeia do Desporto, d\u00e1 inicio a uma nova rubrica \u2013 PODEC\u2019s (pod casts do ODEC). Estes podcasts \u2013 os PODEC \u2013 ser\u00e3o espa\u00e7os de divulga\u00e7\u00e3o projetos de investiga\u00e7\u00e3o e atividades do trabalho conjunto com os parceiros, mas tamb\u00e9m espa\u00e7os de reflex\u00e3o que cruzam as \u00e1reas de conhecimento do ODEC- Desporto, Educa\u00e7\u00e3o e Comunidades. A equipa do ODEC convida a que escutem o primeiro PODEC intitulado \u201cO Desporto Transforma_ Pessoas e Comunidades\u201d onde se apresenta o Movimento Transformers, numa conversa entre a Catarina Ara\u00fajo (em representa\u00e7\u00e3o do Movimento Transformers) e o Ricardo Dias (em representa\u00e7\u00e3o do ODEC).<\/p>\n\n\n\n<figure class=\"wp-block-embed is-type-rich is-provider-spotify wp-block-embed-spotify wp-embed-aspect-21-9 wp-has-aspect-ratio\"><div class=\"wp-block-embed__wrapper\">\n<iframe title=\"Spotify Embed: O Desporto Transforma Pessoas e Comunidades! - 1\u00ba Epis\u00f3dio do Podcast PODEC\" style=\"border-radius: 12px\" width=\"100%\" height=\"152\" frameborder=\"0\" allowfullscreen allow=\"autoplay; clipboard-write; encrypted-media; fullscreen; picture-in-picture\" loading=\"lazy\" src=\"https:\/\/open.spotify.com\/embed\/episode\/6OzRHVnovyM3ld52gLQKFx?si=1774b675254d452f&#038;utm_source=oembed\"><\/iframe>\n<\/div><\/figure>\n<\/div>\n<\/div>\n\n\n\n<div style=\"height:15px\" aria-hidden=\"true\" id=\"2episodio\" class=\"wp-block-spacer\"><\/div>\n\n\n\n<h2 class=\"wp-block-heading has-luminous-vivid-orange-color has-text-color\">2\u00ba Epis\u00f3dio Podcast PODEC &#8211; &#8220;Do Rugby para a Vida: Para andar para a frente, \u00e9 preciso dar uns passes atr\u00e1s&#8221;<\/h2>\n\n\n\n<div style=\"height:15px\" aria-hidden=\"true\" class=\"wp-block-spacer\"><\/div>\n\n\n\n<div class=\"wp-block-columns is-layout-flex wp-container-core-columns-is-layout-9d6595d7 wp-block-columns-is-layout-flex\">\n<div class=\"wp-block-column is-layout-flow wp-block-column-is-layout-flow\" style=\"flex-basis:40%\">\n<figure class=\"wp-block-image size-full\"><img loading=\"lazy\" decoding=\"async\" width=\"768\" height=\"1086\" src=\"https:\/\/odec.fpce.up.pt\/wp-content\/uploads\/sites\/884\/2023\/03\/imagem_2023-03-21_190333312.png\" alt=\"\" class=\"wp-image-2455\" srcset=\"https:\/\/odec.fpce.up.pt\/wp-content\/uploads\/sites\/884\/2023\/03\/imagem_2023-03-21_190333312.png 768w, https:\/\/odec.fpce.up.pt\/wp-content\/uploads\/sites\/884\/2023\/03\/imagem_2023-03-21_190333312-106x150.png 106w\" sizes=\"auto, (max-width: 768px) 100vw, 768px\" \/><\/figure>\n<\/div>\n\n\n\n<div class=\"wp-block-column is-layout-flow wp-block-column-is-layout-flow\" style=\"flex-basis:60%\">\n<p>O ODEC apresenta o trabalho \u00e1rduo de uma das suas parcerias mais recentes e discute as suas conquistas e mais valias no \u00e2mbito dum novo epis\u00f3dio PODEC! Neste epis\u00f3dio, Ricardo Dias (em representa\u00e7\u00e3o do ODEC) e Daniela Vieira (em representa\u00e7\u00e3o das Escolinhas de Rugby da Trofa) embarcam numa conversa sobre o potencial do desporto em auxiliar jovens de diversos contextos a sentirem-se inclu\u00eddos e motivados pelo mesmo objetivo \u2013passar para a frente!<\/p>\n\n\n\n<figure class=\"wp-block-embed is-type-rich is-provider-spotify wp-block-embed-spotify wp-embed-aspect-21-9 wp-has-aspect-ratio\"><div class=\"wp-block-embed__wrapper\">\n<iframe title=\"Spotify Embed: &quot;Do Rugby para a Vida: Para andar para a frente, \u00e9 preciso dar uns passes atr\u00e1s\u201d \u2013 2\u00ba Epis\u00f3dio do Podcast PODEC\" style=\"border-radius: 12px\" width=\"100%\" height=\"152\" frameborder=\"0\" allowfullscreen allow=\"autoplay; clipboard-write; encrypted-media; fullscreen; picture-in-picture\" loading=\"lazy\" src=\"https:\/\/open.spotify.com\/embed\/episode\/05HvWzAsDkoaYW8IaNEvTS?si=5c0f821bb98745a8&#038;utm_source=oembed\"><\/iframe>\n<\/div><\/figure>\n<\/div>\n<\/div>\n\n\n\n<div style=\"height:15px\" aria-hidden=\"true\" id=\"3episodio\" class=\"wp-block-spacer\"><\/div>\n\n\n\n<h2 class=\"wp-block-heading has-vivid-cyan-blue-color has-text-color\">3\u00ba Epis\u00f3dio Podcast PODEC &#8211; &#8220;\ud835\ude4b\ud835\ude67\ud835\ude64\ud835\ude5f\ud835\ude5a\ud835\ude69\ud835\ude64\ud835\ude68 \ud835\ude63\ud835\ude56 \ud835\ude58\ud835\ude64\ud835\ude62\ud835\ude6a\ud835\ude63\ud835\ude5e\ud835\ude59\ud835\ude56\ud835\ude59\ud835\ude5a \ud835\ude5a\ud835\ude59\ud835\ude6a\ud835\ude58\ud835\ude56\ud835\ude69\ud835\ude5e\ud835\ude6b\ud835\ude56: \ud835\ude51\ud835\ude56\ud835\ude63\ud835\ude69\ud835\ude56\ud835\ude5c\ud835\ude5a\ud835\ude63\ud835\ude68 \ud835\ude5a \ud835\ude3f\ud835\ude5a\ud835\ude68\ud835\ude56\ud835\ude5b\ud835\ude5e\ud835\ude64\ud835\ude68&#8221;<\/h2>\n\n\n\n<div class=\"wp-block-columns is-layout-flex wp-container-core-columns-is-layout-9d6595d7 wp-block-columns-is-layout-flex\">\n<div class=\"wp-block-column is-layout-flow wp-block-column-is-layout-flow\" style=\"flex-basis:40%\">\n<figure class=\"wp-block-image size-full\"><img loading=\"lazy\" decoding=\"async\" width=\"768\" height=\"1086\" src=\"https:\/\/odec.fpce.up.pt\/wp-content\/uploads\/sites\/884\/2023\/03\/imagem_2023-03-21_190708052.png\" alt=\"\" class=\"wp-image-2458\" srcset=\"https:\/\/odec.fpce.up.pt\/wp-content\/uploads\/sites\/884\/2023\/03\/imagem_2023-03-21_190708052.png 768w, https:\/\/odec.fpce.up.pt\/wp-content\/uploads\/sites\/884\/2023\/03\/imagem_2023-03-21_190708052-106x150.png 106w\" sizes=\"auto, (max-width: 768px) 100vw, 768px\" \/><\/figure>\n<\/div>\n\n\n\n<div class=\"wp-block-column is-layout-flow wp-block-column-is-layout-flow\" style=\"flex-basis:60%\">\n<p>No terceiro epis\u00f3dio do PODEC, mais uma vez moderado pelo nosso podcaster Ricardo Dias (ODEC), apresentamos o trabalho desenvolvido em conjunto com o Agrupamento de Escolas de Ovar Sul (AE Ovar Sul)! Para nos falar de um projeto, que se transformou em tr\u00eas, tivemos como convidados\/as:<\/p>\n\n\n\n<ul class=\"wp-block-list\">\n<li>Teresa Silva Dias&nbsp;&nbsp;ODEC\/CIIE<\/li>\n\n\n\n<li>Nuno Gomes&nbsp;&nbsp;Diretor AE Ovar Sul<\/li>\n\n\n\n<li>Sandra Ramos&nbsp;&nbsp;Professora Educa\u00e7\u00e3o F\u00edsica<\/li>\n\n\n\n<li>Ana Filipa&nbsp;&nbsp;Professora interlocutora do projeto \u201cPlay4Life: Jovens Atletas como Ativistas no Desporto\u201d com uma turma de 7\u00ba ano<\/li>\n\n\n\n<li>Lu\u00eds Silva&nbsp;&nbsp;Professor de Educa\u00e7\u00e3o F\u00edsica e interlocutor do projeto \u201cDesporto e Interven\u00e7\u00e3o Comunit\u00e1ria\u201d com turmas de 7\u00ba ano<\/li>\n\n\n\n<li>Vit\u00f3ria Castanha&nbsp;&nbsp;Diretora do curso de Educa\u00e7\u00e3o e Forma\u00e7\u00e3o de 3\u00baciclo e interlocutora do projeto com a Turma CEF<\/li>\n<\/ul>\n\n\n\n<figure class=\"wp-block-embed is-type-rich is-provider-spotify wp-block-embed-spotify wp-embed-aspect-21-9 wp-has-aspect-ratio\"><div class=\"wp-block-embed__wrapper\">\n<iframe title=\"Spotify Embed: \u201c\ud835\ude4b\ud835\ude67\ud835\ude64\ud835\ude5f\ud835\ude5a\ud835\ude69\ud835\ude64\ud835\ude68 \ud835\ude63\ud835\ude56 \ud835\ude58\ud835\ude64\ud835\ude62\ud835\ude6a\ud835\ude63\ud835\ude5e\ud835\ude59\ud835\ude56\ud835\ude59\ud835\ude5a \ud835\ude5a\ud835\ude59\ud835\ude6a\ud835\ude58\ud835\ude56\ud835\ude69\ud835\ude5e\ud835\ude6b\ud835\ude56: \ud835\ude51\ud835\ude56\ud835\ude63\ud835\ude69\ud835\ude56\ud835\ude5c\ud835\ude5a\ud835\ude63\ud835\ude68 \ud835\ude5a \ud835\ude3f\ud835\ude5a\ud835\ude68\ud835\ude56\ud835\ude5b\ud835\ude5e\ud835\ude64\ud835\ude68\u201d \u2013 3\u00ba epis\u00f3dio do PODEC\" style=\"border-radius: 12px\" width=\"100%\" height=\"152\" frameborder=\"0\" allowfullscreen allow=\"autoplay; clipboard-write; encrypted-media; fullscreen; picture-in-picture\" loading=\"lazy\" src=\"https:\/\/open.spotify.com\/embed\/episode\/6QfTv6VD6NXdQbvFYziyyM?si=39b2152628a2419a&#038;utm_source=oembed\"><\/iframe>\n<\/div><\/figure>\n<\/div>\n<\/div>\n\n\n\n<div style=\"height:15px\" aria-hidden=\"true\" id=\"4episodio\" class=\"wp-block-spacer\"><\/div>\n\n\n\n<h2 class=\"wp-block-heading has-text-color\" style=\"color:#ff84fd\">4\u00ba Epis\u00f3dio Podcast PODEC &#8211; &#8220;\ud835\ude50\ud835\ude62\ud835\ude56 \ud835\ude61\ud835\ude5e\ud835\ude5c\ud835\ude56\u00e7\u00e3\ud835\ude64 \ud835\ude69\ud835\ude67\ud835\ude56\ud835\ude63\ud835\ude68\ud835\ude56\ud835\ude69\ud835\ude61\u00e2\ud835\ude63\ud835\ude69\ud835\ude5e\ud835\ude58\ud835\ude56 \ud835\ude65\ud835\ude56\ud835\ude67\ud835\ude56 \ud835\ude56 \ud835\ude5e\ud835\ude63\ud835\ude58\ud835\ude61\ud835\ude6a\ud835\ude68\u00e3\ud835\ude64&#8221;<\/h2>\n\n\n\n<div class=\"wp-block-columns is-layout-flex wp-container-core-columns-is-layout-9d6595d7 wp-block-columns-is-layout-flex\">\n<div class=\"wp-block-column is-layout-flow wp-block-column-is-layout-flow\" style=\"flex-basis:40%\">\n<figure class=\"wp-block-image size-full\"><img loading=\"lazy\" decoding=\"async\" width=\"1131\" height=\"1600\" src=\"https:\/\/odec.fpce.up.pt\/wp-content\/uploads\/sites\/884\/2023\/11\/image-7.png\" alt=\"\" class=\"wp-image-3241\" srcset=\"https:\/\/odec.fpce.up.pt\/wp-content\/uploads\/sites\/884\/2023\/11\/image-7.png 1131w, https:\/\/odec.fpce.up.pt\/wp-content\/uploads\/sites\/884\/2023\/11\/image-7-106x150.png 106w, https:\/\/odec.fpce.up.pt\/wp-content\/uploads\/sites\/884\/2023\/11\/image-7-768x1086.png 768w, https:\/\/odec.fpce.up.pt\/wp-content\/uploads\/sites\/884\/2023\/11\/image-7-1086x1536.png 1086w\" sizes=\"auto, (max-width: 1131px) 100vw, 1131px\" \/><\/figure>\n<\/div>\n\n\n\n<div class=\"wp-block-column is-layout-flow wp-block-column-is-layout-flow\" style=\"flex-basis:60%\">\n<p>Continuamos a conversar com os nossos parceiros e neste quarto epis\u00f3dio do PODEC apresentamos o Instituto Incluir. No registo muito tranquilo, mas s\u00e9rio, com que o nosso Podcaster Ricardo Dias (ODEC) nos costuma brindar, poder\u00e3o ficar a conhecer uma das mais recentes parcerias estabelecidas com o ODEC. Para nos falar sobre o projeto &#8220;Incluir nas Comunidades II&#8221; contamos com a participa\u00e7\u00e3o de M\u00f4nica Pereira (Instituto Incluir), a qual muito agradecemos, num di\u00e1logo riqu\u00edssimo sobre potencialidades inclusivas do desporto para as comunidades.<\/p>\n\n\n\n<figure class=\"wp-block-embed is-type-rich is-provider-spotify wp-block-embed-spotify wp-embed-aspect-21-9 wp-has-aspect-ratio\"><div class=\"wp-block-embed__wrapper\">\n<iframe title=\"Spotify Embed: &quot;\ud835\ude50\ud835\ude62\ud835\ude56 \ud835\ude61\ud835\ude5e\ud835\ude5c\ud835\ude56\u00e7\u00e3\ud835\ude64 \ud835\ude69\ud835\ude67\ud835\ude56\ud835\ude63\ud835\ude68\ud835\ude56\ud835\ude69\ud835\ude61\u00e2\ud835\ude63\ud835\ude69\ud835\ude5e\ud835\ude58\ud835\ude56 \ud835\ude65\ud835\ude56\ud835\ude67\ud835\ude56 \ud835\ude56 \ud835\ude5e\ud835\ude63\ud835\ude58\ud835\ude61\ud835\ude6a\ud835\ude68\u00e3\ud835\ude64&quot; - 4\u00ba epis\u00f3dio do PODEC\" style=\"border-radius: 12px\" width=\"100%\" height=\"152\" frameborder=\"0\" allowfullscreen allow=\"autoplay; clipboard-write; encrypted-media; fullscreen; picture-in-picture\" loading=\"lazy\" src=\"https:\/\/open.spotify.com\/embed\/episode\/24ZVbY3QKYJqf4cYoL21HJ?si=9068f2baa4234038&#038;utm_source=oembed\"><\/iframe>\n<\/div><\/figure>\n<\/div>\n<\/div>\n\n\n\n<div style=\"height:15px\" aria-hidden=\"true\" id=\"5episodio\" class=\"wp-block-spacer\"><\/div>\n\n\n\n<h2 class=\"wp-block-heading has-text-color\" style=\"color:#8fbc25\">5\u00ba Epis\u00f3dio Podcast PODEC &#8211; \u201cMente Mais S\u00e3: Um caminho para o equil\u00edbrio f\u00edsico e a sa\u00fade mental\u201d<\/h2>\n\n\n\n<div class=\"wp-block-columns is-layout-flex wp-container-core-columns-is-layout-9d6595d7 wp-block-columns-is-layout-flex\">\n<div class=\"wp-block-column is-layout-flow wp-block-column-is-layout-flow\" style=\"flex-basis:40%\">\n<figure class=\"wp-block-image size-full\"><img loading=\"lazy\" decoding=\"async\" width=\"1131\" height=\"1600\" src=\"https:\/\/odec.fpce.up.pt\/wp-content\/uploads\/sites\/884\/2023\/12\/Podec.png\" alt=\"\" class=\"wp-image-3267\" style=\"object-fit:cover\" srcset=\"https:\/\/odec.fpce.up.pt\/wp-content\/uploads\/sites\/884\/2023\/12\/Podec.png 1131w, https:\/\/odec.fpce.up.pt\/wp-content\/uploads\/sites\/884\/2023\/12\/Podec-106x150.png 106w, https:\/\/odec.fpce.up.pt\/wp-content\/uploads\/sites\/884\/2023\/12\/Podec-768x1086.png 768w, https:\/\/odec.fpce.up.pt\/wp-content\/uploads\/sites\/884\/2023\/12\/Podec-1086x1536.png 1086w\" sizes=\"auto, (max-width: 1131px) 100vw, 1131px\" \/><\/figure>\n<\/div>\n\n\n\n<div class=\"wp-block-column is-layout-flow wp-block-column-is-layout-flow\" style=\"flex-basis:60%\">\n<p>Neste nosso quinto epis\u00f3dio do podcast, temos presente um projeto muito especial para o observat\u00f3rio, visto que estivemos presentes nele desde o come\u00e7o da sua execu\u00e7\u00e3o. O projeto Mente Mais S\u00e3 tem como objetivo global melhorar qualidade de vida da popula\u00e7\u00e3o s\u00e9nior de Vila Nova de Famalic\u00e3o, face aos desafios do envelhecimento, e no que \u00e0 sa\u00fade mental diz respeito. Acompanha-nos nesta discuss\u00e3o com o nosso moderador habitual Ricardo Dias, Teresa Silva Dias, como representante da dire\u00e7\u00e3o do ODEC, e o Senhor Vereador do Desporto Dr. Pedro Oliveira, como representante da C\u00e2mara Municipal de Vila Nova de Famalic\u00e3o.<\/p>\n\n\n\n<figure class=\"wp-block-embed is-type-rich is-provider-spotify wp-block-embed-spotify wp-embed-aspect-21-9 wp-has-aspect-ratio\"><div class=\"wp-block-embed__wrapper\">\n<iframe title=\"Spotify Embed:  \u201cMente Mais S\u00e3: Um caminho para o equil\u00edbrio f\u00edsico e a sa\u00fade mental\u201d - 5\u00ba Epis\u00f3dio Podcast PODEC\" style=\"border-radius: 12px\" width=\"100%\" height=\"152\" frameborder=\"0\" allowfullscreen allow=\"autoplay; clipboard-write; encrypted-media; fullscreen; picture-in-picture\" loading=\"lazy\" src=\"https:\/\/open.spotify.com\/embed\/episode\/6ZFRJhxZM4nlIqTTs6A2Aq?si=f677f59ff3954f94&#038;utm_source=oembed\"><\/iframe>\n<\/div><\/figure>\n<\/div>\n<\/div>\n\n\n\n<div style=\"height:15px\" aria-hidden=\"true\" id=\"6episodio\" class=\"wp-block-spacer\"><\/div>\n\n\n\n<h2 class=\"wp-block-heading has-text-color\" style=\"color:#293840\">\ud835\udff2\u00ba \ud835\uddf2\ud835\uddfd\ud835\uddf6\ud835\ude00\ud835\uddfc\u0301\ud835\uddf1\ud835\uddf6\ud835\uddfc \ud835\udde3\ud835\udde2\ud835\uddd7\ud835\uddd8\ud835\uddd6 &#8211; \ud835\udc7a\ud835\udc86\ud835\udc99\ud835\udc95\ud835\udc90 \ud835\udc7a\ud835\udc86\ud835\udc8f\ud835\udc95\ud835\udc8a\ud835\udc85\ud835\udc90: \ud835\udc76 \ud835\udc6b\ud835\udc86\ud835\udc94\ud835\udc91\ud835\udc90\ud835\udc93\ud835\udc95\ud835\udc90 \ud835\udc86\u0301 \ud835\udc91\ud835\udc82\ud835\udc93\ud835\udc82 \ud835\udc7b\ud835\udc90\ud835\udc85@\ud835\udc94!<\/h2>\n\n\n\n<div class=\"wp-block-columns is-layout-flex wp-container-core-columns-is-layout-9d6595d7 wp-block-columns-is-layout-flex\">\n<div class=\"wp-block-column is-layout-flow wp-block-column-is-layout-flow\" style=\"flex-basis:40%\">\n<figure class=\"wp-block-image size-full\"><img loading=\"lazy\" decoding=\"async\" width=\"1131\" height=\"1600\" src=\"https:\/\/odec.fpce.up.pt\/wp-content\/uploads\/sites\/884\/2024\/07\/Podec6_cartaz.png\" alt=\"\" class=\"wp-image-3648\" style=\"object-fit:cover\" srcset=\"https:\/\/odec.fpce.up.pt\/wp-content\/uploads\/sites\/884\/2024\/07\/Podec6_cartaz.png 1131w, https:\/\/odec.fpce.up.pt\/wp-content\/uploads\/sites\/884\/2024\/07\/Podec6_cartaz-106x150.png 106w, https:\/\/odec.fpce.up.pt\/wp-content\/uploads\/sites\/884\/2024\/07\/Podec6_cartaz-768x1086.png 768w, https:\/\/odec.fpce.up.pt\/wp-content\/uploads\/sites\/884\/2024\/07\/Podec6_cartaz-1086x1536.png 1086w, https:\/\/odec.fpce.up.pt\/wp-content\/uploads\/sites\/884\/2024\/07\/Podec6_cartaz-8x12.png 8w\" sizes=\"auto, (max-width: 1131px) 100vw, 1131px\" \/><\/figure>\n<\/div>\n\n\n\n<div class=\"wp-block-column is-layout-flow wp-block-column-is-layout-flow\" style=\"flex-basis:60%\">\n<p>O nosso 6\u00b0 epis\u00f3dio do PODEC j\u00e1 est\u00e1 se encontra dispon\u00edvel no YouTube, Spotify e no nosso website!&nbsp;<br>Desta vez, com a convidada B\u00e1rbara Pereira, Coordenadora do Projeto Sexto Sentido.<\/p>\n\n\n\n<p>O projeto Sexto Sentido parte da premissa que o desporto \u00e9 para tod@s. \u00c9 um projeto de inclus\u00e3o social no desporto que permite que pessoas cegas ou com baixa vis\u00e3o possam realizar corrida e caminhada guiada. Este projeto nasceu no Porto e tem vindo a ampliar a sua atividade para outras zonas de Portugal, como Lisboa e Coimbra e, brevemente, para Braga.<\/p>\n\n\n\n<p>A parceria entre o projeto Sexto Sentido e o ODEC decorre de um momento no 1st International Meeting on Sports, Education and Communities: Beyond the Field, onde a B\u00e1rbara partilhou a sua hist\u00f3ria e experi\u00eancia enquanto atleta. Esta parceria tem dado frutos, resultando na cria\u00e7\u00e3o de um curso, juntamente com o projeto Sexto Sentido e a Associa\u00e7\u00e3o EDUPA, para a forma\u00e7\u00e3o de guias volunt\u00e1rios. Fiquem atent@s \u00e0s redes sociais do ODEC para mais informa\u00e7\u00e3o!&nbsp;<\/p>\n\n\n\n<figure class=\"wp-block-embed is-type-rich is-provider-spotify wp-block-embed-spotify wp-embed-aspect-21-9 wp-has-aspect-ratio\"><div class=\"wp-block-embed__wrapper\">\n<iframe title=\"Spotify Embed: \ud83c\udfa7 \ud835\udff2\u00ba \ud835\uddf2\ud835\uddfd\ud835\uddf6\ud835\ude00\ud835\uddfc\u0301\ud835\uddf1\ud835\uddf6\ud835\uddfc \ud835\udde3\ud835\udde2\ud835\uddd7\ud835\uddd8\ud835\uddd6 \ud835\udc7a\ud835\udc86\ud835\udc99\ud835\udc95\ud835\udc90 \ud835\udc7a\ud835\udc86\ud835\udc8f\ud835\udc95\ud835\udc8a\ud835\udc85\ud835\udc90: \ud835\udc76 \ud835\udc6b\ud835\udc86\ud835\udc94\ud835\udc91\ud835\udc90\ud835\udc93\ud835\udc95\ud835\udc90 \ud835\udc86\u0301 \ud835\udc91\ud835\udc82\ud835\udc93\ud835\udc82 \ud835\udc7b\ud835\udc90\ud835\udc85@\ud835\udc94!\" style=\"border-radius: 12px\" width=\"100%\" height=\"152\" frameborder=\"0\" allowfullscreen allow=\"autoplay; clipboard-write; encrypted-media; fullscreen; picture-in-picture\" loading=\"lazy\" src=\"https:\/\/open.spotify.com\/embed\/episode\/7A8SIcBHXRVWloD6csch4P?utm_source=oembed\"><\/iframe>\n<\/div><\/figure>\n\n\n\n<p>Queres tornar-te guia volunt\u00e1rio no projeto Sexto Sentido? Basta consultar as redes sociais do Sexto Sentido e aceder ao formul\u00e1rio de inscri\u00e7\u00e3o e a equipa do Projeto Sexto Sentido ir\u00e1 entrar em contacto! Sim, \u00e9 assim t\u00e3o f\u00e1cil!&nbsp;Agradecemos \u00e0 B\u00e1rbara por ter aceite o nosso convite com tanta celeridade e por todo o entusiasmo em falar-nos sobre o projeto!&nbsp;<\/p>\n<\/div>\n<\/div>\n\n\n\n<div style=\"height:15px\" aria-hidden=\"true\" id=\"7episodio\" class=\"wp-block-spacer\"><\/div>\n\n\n\n<h2 class=\"wp-block-heading has-text-color\" style=\"color:#e9510d\">7\u00b0 epis\u00f3dio PODEC &#8211; O Surf como Terapia para a Inclus\u00e3o Social<\/h2>\n\n\n\n<div class=\"wp-block-columns is-layout-flex wp-container-core-columns-is-layout-9d6595d7 wp-block-columns-is-layout-flex\">\n<div class=\"wp-block-column is-layout-flow wp-block-column-is-layout-flow\" style=\"flex-basis:40%\">\n<figure class=\"wp-block-image size-full\"><img loading=\"lazy\" decoding=\"async\" width=\"1131\" height=\"1600\" src=\"https:\/\/odec.fpce.up.pt\/wp-content\/uploads\/sites\/884\/2024\/12\/Podec_Cartaz.png\" alt=\"\" class=\"wp-image-3814\" srcset=\"https:\/\/odec.fpce.up.pt\/wp-content\/uploads\/sites\/884\/2024\/12\/Podec_Cartaz.png 1131w, https:\/\/odec.fpce.up.pt\/wp-content\/uploads\/sites\/884\/2024\/12\/Podec_Cartaz-106x150.png 106w, https:\/\/odec.fpce.up.pt\/wp-content\/uploads\/sites\/884\/2024\/12\/Podec_Cartaz-768x1086.png 768w, https:\/\/odec.fpce.up.pt\/wp-content\/uploads\/sites\/884\/2024\/12\/Podec_Cartaz-1086x1536.png 1086w, https:\/\/odec.fpce.up.pt\/wp-content\/uploads\/sites\/884\/2024\/12\/Podec_Cartaz-8x12.png 8w\" sizes=\"auto, (max-width: 1131px) 100vw, 1131px\" \/><\/figure>\n<\/div>\n\n\n\n<div class=\"wp-block-column is-layout-flow wp-block-column-is-layout-flow\" style=\"flex-basis:60%\">\n<p>O nosso 7\u00b0 e \u00faltimo epis\u00f3dio da primeira temporada j\u00e1 se encontra dispon\u00edvel no YouTube e Spotify! \ud83d\udcf2<\/p>\n\n\n\n<p>Desta vez, contamos com a presen\u00e7a de Vera Roquette, da Onda Pura!<\/p>\n\n\n\n<p>A partir do surf therapy, o projeto &#8216;Turma do Mar&#8217; visa intervir junto dos jovens no concelho de Matosinhos, promovendo o desenvolvimento de compet\u00eancias emocionais, pessoais e sociais, e contribuindo para o seu bem-estar! \ud83c\udfc4\u200d\u2640\ufe0f<\/p>\n\n\n\n<p>Agradecemos \u00e0 Vera por ter aceite o nosso convite, n\u00e3o vais querer perder este epis\u00f3dio!<\/p>\n\n\n\n<figure class=\"wp-block-embed is-type-rich is-provider-spotify wp-block-embed-spotify wp-embed-aspect-21-9 wp-has-aspect-ratio\"><div class=\"wp-block-embed__wrapper\">\n<iframe title=\"Spotify Embed: 7\u00ba Epis\u00f3dio Podcast PODEC - \u201cO Surf como Terapia para a Inclus\u00e3o Social\u201d\" style=\"border-radius: 12px\" width=\"100%\" height=\"152\" frameborder=\"0\" allowfullscreen allow=\"autoplay; clipboard-write; encrypted-media; fullscreen; picture-in-picture\" loading=\"lazy\" src=\"https:\/\/open.spotify.com\/embed\/episode\/3JUEEd80UGH6g1nt9E8MsE?si=11bd9b04f7a24bb7&#038;utm_source=oembed\"><\/iframe>\n<\/div><\/figure>\n<\/div>\n<\/div>","protected":false},"excerpt":{"rendered":"<p>O PODEC \u00e9 o podcast do ODEC. Atrav\u00e9s de conversas com os parceiros, exploramos e refletimos sobre o que \u00e9 desenvolvido em colabora\u00e7\u00e3o com o ODEC, tendo por base o trabalho multidisciplinar em torno da educa\u00e7\u00e3o atrav\u00e9s do desporto. Ouve aqui os epis\u00f3dios: 1\u00ba Epis\u00f3dio Podcast PODEC &#8211; &#8220;O Desporto Transforma Pessoas e Comunidades!&#8221; O&hellip;&nbsp;<a href=\"https:\/\/odec.fpce.up.pt\/en\/podec\/\" rel=\"bookmark\">Read More &raquo;<span class=\"screen-reader-text\">PODEC<\/span><\/a><\/p>","protected":false},"author":1586,"featured_media":0,"parent":0,"menu_order":0,"comment_status":"closed","ping_status":"closed","template":"","meta":{"neve_meta_sidebar":"","neve_meta_container":"","neve_meta_enable_content_width":"","neve_meta_content_width":0,"neve_meta_title_alignment":"","neve_meta_author_avatar":"","neve_post_elements_order":"","neve_meta_disable_header":"","neve_meta_disable_footer":"","neve_meta_disable_title":"","footnotes":""},"class_list":["post-2426","page","type-page","status-publish","hentry"],"_links":{"self":[{"href":"https:\/\/odec.fpce.up.pt\/en\/wp-json\/wp\/v2\/pages\/2426","targetHints":{"allow":["GET"]}}],"collection":[{"href":"https:\/\/odec.fpce.up.pt\/en\/wp-json\/wp\/v2\/pages"}],"about":[{"href":"https:\/\/odec.fpce.up.pt\/en\/wp-json\/wp\/v2\/types\/page"}],"author":[{"embeddable":true,"href":"https:\/\/odec.fpce.up.pt\/en\/wp-json\/wp\/v2\/users\/1586"}],"replies":[{"embeddable":true,"href":"https:\/\/odec.fpce.up.pt\/en\/wp-json\/wp\/v2\/comments?post=2426"}],"version-history":[{"count":44,"href":"https:\/\/odec.fpce.up.pt\/en\/wp-json\/wp\/v2\/pages\/2426\/revisions"}],"predecessor-version":[{"id":3861,"href":"https:\/\/odec.fpce.up.pt\/en\/wp-json\/wp\/v2\/pages\/2426\/revisions\/3861"}],"wp:attachment":[{"href":"https:\/\/odec.fpce.up.pt\/en\/wp-json\/wp\/v2\/media?parent=2426"}],"curies":[{"name":"wp","href":"https:\/\/api.w.org\/{rel}","templated":true}]}}